{"id":31124,"date":"2025-10-26T01:52:57","date_gmt":"2025-10-26T01:52:57","guid":{"rendered":"https:\/\/www.quranforum.net\/compare\/"},"modified":"2025-10-31T05:10:05","modified_gmt":"2025-10-31T05:10:05","slug":"karsilastir","status":"publish","type":"page","link":"https:\/\/www.quranforum.net\/tr\/karsilastir\/","title":{"rendered":"Kar\u015f\u0131la\u015ft\u0131r"},"content":{"rendered":"<div id=\"wcbt-compare-table\" class=\"wcbt-container\">\n<!--   <div class=\"wcbt-container\">-->\n<!--       <h1 class=\"compare-page-title\">--><!--<\/h1>-->\n<!--   <\/div>-->\n   <div class=\"wcbt-container\">\n       <div class=\"wcbt-compare-box\">\n           <div class=\"wcbt-wave-loading\">\n           <\/div>\n       <\/div>\n   <\/div>\n<\/div>\n\n","protected":false},"excerpt":{"rendered":"","protected":false},"author":1,"featured_media":0,"parent":0,"menu_order":0,"comment_status":"closed","ping_status":"closed","template":"","meta":{"footnotes":""},"class_list":["post-31124","page","type-page","status-publish","hentry"],"_links":{"self":[{"href":"https:\/\/www.quranforum.net\/tr\/wp-json\/wp\/v2\/pages\/31124","targetHints":{"allow":["GET"]}}],"collection":[{"href":"https:\/\/www.quranforum.net\/tr\/wp-json\/wp\/v2\/pages"}],"about":[{"href":"https:\/\/www.quranforum.net\/tr\/wp-json\/wp\/v2\/types\/page"}],"author":[{"embeddable":true,"href":"https:\/\/www.quranforum.net\/tr\/wp-json\/wp\/v2\/users\/1"}],"replies":[{"embeddable":true,"href":"https:\/\/www.quranforum.net\/tr\/wp-json\/wp\/v2\/comments?post=31124"}],"version-history":[{"count":0,"href":"https:\/\/www.quranforum.net\/tr\/wp-json\/wp\/v2\/pages\/31124\/revisions"}],"wp:attachment":[{"href":"https:\/\/www.quranforum.net\/tr\/wp-json\/wp\/v2\/media?parent=31124"}],"curies":[{"name":"wp","href":"https:\/\/api.w.org\/{rel}","templated":true}]}}